{"id":551,"date":"2026-01-14T16:54:53","date_gmt":"2026-01-14T16:54:53","guid":{"rendered":"https:\/\/expand.wevolved.pt\/homepage\/"},"modified":"2026-02-10T08:50:07","modified_gmt":"2026-02-10T08:50:07","slug":"homepage","status":"publish","type":"page","link":"https:\/\/expand.wevolved.pt\/en\/","title":{"rendered":"Homepage"},"content":{"rendered":"<div class=\"wpb-content-wrapper\"><p>[vc_row full_width=&#8221;stretch_row_content_no_spaces&#8221; css=&#8221;.vc_custom_1768816198596{background-image: url(https:\/\/expand.wevolved.pt\/wp-content\/uploads\/2026\/01\/home_banner-scaled.png?id=147) !important;background-position: center !important;background-repeat: no-repeat !important;background-size: cover !important;}&#8221; el_class=&#8221;back&#8221;][vc_column][vc_row_inner el_class=&#8221;back1&#8243;][vc_column_inner][vc_column_text]<\/p>\n<h1 style=\"text-align: center;\">Intelligence and Strategic Governance<br \/>\nApplied to Complex Systems<\/h1>\n<p>[\/vc_column_text][vc_column_text el_class=&#8221;topicos&#8221;]Strategic Architecture<\/p>\n<p>Systems Influence<\/p>\n<p>Institutional Refinement<\/p>\n<p>Governance Intelligence\u2122[\/vc_column_text][\/vc_column_inner][\/vc_row_inner][vc_row_inner el_class=&#8221;seta&#8221;][vc_column_inner][vc_single_image image=&#8221;72&#8243; img_size=&#8221;full&#8221; alignment=&#8221;center&#8221;][\/vc_column_inner][\/vc_row_inner][\/vc_column][\/vc_row][vc_row full_width=&#8221;stretch_row_content_no_spaces&#8221; css=&#8221;.vc_custom_1768816235443{background-image: url(https:\/\/expand.wevolved.pt\/wp-content\/uploads\/2026\/01\/home_editorial_vault-scaled.png?id=151) !important;background-position: center !important;background-repeat: no-repeat !important;background-size: cover !important;}&#8221; el_class=&#8221;back v2&#8243;][vc_column][vc_column_text]<\/p>\n<h2 style=\"text-align: center;\">Editorial Vault<\/h2>\n<p>[\/vc_column_text][vc_column_text]<\/p>\n<h3 style=\"text-align: center;\">The editorial space of Expand Strategy<\/h3>\n<h5 style=\"text-align: center;\">Strategic Notes and Critical Fragments that reveal the invisible mechanisms of governance and invite an applied, critical, and transformative reading.<\/h5>\n<p>[\/vc_column_text][vc_column_text el_class=&#8221;botao-cons&#8221;]<\/p>\n<p style=\"text-align: center;\"><a href=\"https:\/\/expand.wevolved.pt\/en\/editorial-vault\/\">View all strategic notes<\/a><\/p>\n<p>[\/vc_column_text][vc_column_text]<\/p>\n<div>\n<div><div class=\"ultimos-posts-pods\"><div class=\"post-item\"><p class=\"categoria\">Omissive Architecture<\/p><h4 class=\"titulo\">Fragmento 4\u2028<\/h4><h6 class=\"titulo-ass\">O arquivo como escudo<\/h6><p class=\"data\">January 2026<\/p><p class=\"excerto\">\u201cO arquivo deveria ser a mem\u00f3ria viva das institui\u00e7\u00f5es. Contudo, demasiadas vezes converte-se em escudo contra a mudan\u00e7a. Relat\u00f3rios, atas e pareceres s\u00e3o invocados n\u00e3o para orientar a a\u00e7\u00e3o, mas para encerrar discuss\u00f5es, transformando o papel em substituto\r\nda decis\u00e3o.\u201d<\/p><div class=\"botas\"><a class=\"btn-leia-mais\" href=\"https:\/\/expand.wevolved.pt\/en\/2026\/01\/15\/fragmento-4-o-arquivo-como-escudo\/\">Leia a nota completa<\/a><\/div><\/div><div class=\"post-item\"><p class=\"categoria\">On the margins of health<\/p><h4 class=\"titulo\">NOTA ESTRAT\u00c9GICA N\u00ba2<\/h4><h6 class=\"titulo-ass\">O Paradoxo da Autonomia Cl\u00ednica<\/h6><p class=\"data\">January 2026<\/p><p class=\"excerto\">Sem governa\u00e7\u00e3o, a autonomia degenera em fragmento - e o fragmento jamais produz clareza.<\/p><div class=\"botas\"><a class=\"btn-leia-mais\" href=\"https:\/\/expand.wevolved.pt\/en\/2026\/01\/23\/nota-estrategica-no2\/\">Leia a nota completa<\/a><\/div><\/div><\/div><\/div>\n<\/div>\n<p>[\/vc_column_text][\/vc_column][\/vc_row][vc_row full_width=&#8221;stretch_row_content_no_spaces&#8221; css=&#8221;.vc_custom_1768816263187{background-image: url(https:\/\/expand.wevolved.pt\/wp-content\/uploads\/2026\/01\/home_codigo_expand-scaled.png?id=152) !important;background-position: center !important;background-repeat: no-repeat !important;background-size: cover !important;}&#8221; el_class=&#8221;back3&#8243;][vc_column][vc_column_text]<\/p>\n<h2 style=\"text-align: center;\">The Expand Code<\/h2>\n<p>[\/vc_column_text][vc_column_text]<\/p>\n<h3 style=\"text-align: center;\">Forged in high-risk institutional environments, Expand Strategy offers refined governance intelligence to reshape complex systems with clarity. Combining structural insight with institutional enhancement, ensuring decisions with real impact and lasting integrity.<\/h3>\n<p>[\/vc_column_text][vc_column_text]<\/p>\n<h3 style=\"text-align: center;\">Every decision is architecture. Every architecture requires governance.<\/h3>\n<p>[\/vc_column_text][vc_row_inner el_class=&#8221;flex&#8221;][vc_column_inner width=&#8221;1\/3&#8243;][vc_column_text]<\/p>\n<p style=\"text-align: center;\">Global <strong>Foresight<\/strong><\/p>\n<p>[\/vc_column_text][\/vc_column_inner][vc_column_inner width=&#8221;1\/3&#8243;][vc_column_text]<\/p>\n<p style=\"text-align: center;\">Intellectual <strong>Mastery<\/strong><\/p>\n<p>[\/vc_column_text][\/vc_column_inner][vc_column_inner width=&#8221;1\/3&#8243;][vc_column_text]<\/p>\n<p style=\"text-align: center;\">Institutional <strong>Authority<\/strong><\/p>\n<p>[\/vc_column_text][\/vc_column_inner][\/vc_row_inner][vc_column_text el_class=&#8221;triade&#8221;]<\/p>\n<p style=\"text-align: center;\">The triad that defines how we think about institutions.<\/p>\n<p>[\/vc_column_text][\/vc_column][\/vc_row][vc_row full_width=&#8221;stretch_row_content_no_spaces&#8221; css=&#8221;.vc_custom_1768816297628{background-image: url(https:\/\/expand.wevolved.pt\/wp-content\/uploads\/2026\/01\/home_expand_studio-scaled.png?id=153) !important;background-position: center !important;background-repeat: no-repeat !important;background-size: cover !important;}&#8221; el_class=&#8221;back4&#8243;][vc_column][vc_row_inner el_class=&#8221;card&#8221;][vc_column_inner][vc_column_text]<\/p>\n<h2>Expand Studio<\/h2>\n<p>[\/vc_column_text][vc_column_text]<\/p>\n<h4>Reserved Editorial Workshop<\/h4>\n<p>[\/vc_column_text][vc_column_text]Expand Strategy&#8217;s institutional workshop for the creation of exclusive knowledge. Strategic whitepapers, Strategic Briefings, and institutional Presentations designed with editorial sophistication, pieces developed for decision-makers and organizations in highly complex contexts.[\/vc_column_text][vc_column_text]<a href=\"https:\/\/expand.wevolved.pt\/en\/expand-studio\/\">Read More<\/a>[\/vc_column_text][\/vc_column_inner][\/vc_row_inner][\/vc_column][\/vc_row][vc_row full_width=&#8221;stretch_row_content_no_spaces&#8221; css=&#8221;.vc_custom_1768816316972{background-image: url(https:\/\/expand.wevolved.pt\/wp-content\/uploads\/2026\/01\/home_contactos-scaled.png?id=154) !important;background-position: center !important;background-repeat: no-repeat !important;background-size: cover !important;}&#8221; el_class=&#8221;back5&#8243;][vc_column][vc_column_text]<\/p>\n<h2 style=\"text-align: center;\">Strategic Contacts and Alliances<\/h2>\n<p>[\/vc_column_text][vc_column_text]<\/p>\n<h4 style=\"text-align: center;\">This institutional channel is reserved for qualified entities and decision-makers seeking to establish strategic collaborations, submit formal proposals, or communicate directly with Expand Strategy&#8217;s management.<\/h4>\n<p>[\/vc_column_text][vc_column_text]<\/p>\n<p style=\"text-align: center;\"><a href=\"https:\/\/expand.wevolved.pt\/en\/contactos-e-aliancas-institucionais\/\">Start strategic dialogue<\/a><\/p>\n<p>[\/vc_column_text][vc_column_text el_class=&#8221;baixo&#8221;]<\/p>\n<h5 style=\"text-align: center;\">All communication with Expand Strategy is handled with confidentiality and strict adherence to all applicable legal standards.<\/h5>\n<p>[\/vc_column_text][\/vc_column][\/vc_row]<\/p>\n<\/div>","protected":false},"excerpt":{"rendered":"<p>[vc_row full_width=&#8221;stretch_row_content_no_spaces&#8221; css=&#8221;.vc_custom_1768816198596{background-image: url(https:\/\/expand.wevolved.pt\/wp-content\/uploads\/2026\/01\/home_banner-scaled.png?id=147) !important;background-position: center !important;background-repeat: no-repeat !important;background-size: cover !important;}&#8221; el_class=&#8221;back&#8221;][vc_column][vc_row_inner el_class=&#8221;back1&#8243;][vc_column_inner][vc_column_text] Intelligence and Strategic Governance Applied to Complex Systems [\/vc_column_text][vc_column_text el_class=&#8221;topicos&#8221;]Strategic Architecture Systems Influence Institutional Refinement Governance Intelligence\u2122[\/vc_column_text][\/vc_column_inner][\/vc_row_inner][vc_row_inner el_class=&#8221;seta&#8221;][vc_column_inner][vc_single_image image=&#8221;72&#8243; img_size=&#8221;full&#8221; alignment=&#8221;center&#8221;][\/vc_column_inner][\/vc_row_inner][\/vc_column][\/vc_row][vc_row full_width=&#8221;stretch_row_content_no_spaces&#8221; css=&#8221;.vc_custom_1768816235443{background-image: url(https:\/\/expand.wevolved.pt\/wp-content\/uploads\/2026\/01\/home_editorial_vault-scaled.png?id=151) !important;background-position: center !important;background-repeat: no-repeat !important;background-size: cover !important;}&#8221; el_class=&#8221;back v2&#8243;][vc_column][vc_column_text] Editorial Vault [\/vc_column_text][vc_column_text] The editorial space of Expand Strategy [&hellip;]<\/p>\n","protected":false},"author":1,"featured_media":0,"parent":0,"menu_order":0,"comment_status":"closed","ping_status":"closed","template":"","meta":{"footnotes":""},"class_list":["post-551","page","type-page","status-publish","hentry"],"_links":{"self":[{"href":"https:\/\/expand.wevolved.pt\/en\/wp-json\/wp\/v2\/pages\/551","targetHints":{"allow":["GET"]}}],"collection":[{"href":"https:\/\/expand.wevolved.pt\/en\/wp-json\/wp\/v2\/pages"}],"about":[{"href":"https:\/\/expand.wevolved.pt\/en\/wp-json\/wp\/v2\/types\/page"}],"author":[{"embeddable":true,"href":"https:\/\/expand.wevolved.pt\/en\/wp-json\/wp\/v2\/users\/1"}],"replies":[{"embeddable":true,"href":"https:\/\/expand.wevolved.pt\/en\/wp-json\/wp\/v2\/comments?post=551"}],"version-history":[{"count":7,"href":"https:\/\/expand.wevolved.pt\/en\/wp-json\/wp\/v2\/pages\/551\/revisions"}],"predecessor-version":[{"id":686,"href":"https:\/\/expand.wevolved.pt\/en\/wp-json\/wp\/v2\/pages\/551\/revisions\/686"}],"wp:attachment":[{"href":"https:\/\/expand.wevolved.pt\/en\/wp-json\/wp\/v2\/media?parent=551"}],"curies":[{"name":"wp","href":"https:\/\/api.w.org\/{rel}","templated":true}]}}