{"id":554,"date":"2026-01-14T16:41:22","date_gmt":"2026-01-14T16:41:22","guid":{"rendered":"https:\/\/expand.wevolved.pt\/contactos-e-aliancas-institucionais\/"},"modified":"2026-02-10T08:54:50","modified_gmt":"2026-02-10T08:54:50","slug":"contactos-e-aliancas-institucionais","status":"publish","type":"page","link":"https:\/\/expand.wevolved.pt\/en\/contactos-e-aliancas-institucionais\/","title":{"rendered":"Contacts and Institutional Alliances"},"content":{"rendered":"<div class=\"wpb-content-wrapper\"><p>[vc_row full_width=&#8221;stretch_row_content_no_spaces&#8221; el_class=&#8221;back13&#8243; css=&#8221;.vc_custom_1768845391177{background-color: #0a2240 !important;}&#8221;][vc_column][vc_column_text]<\/p>\n<h1 style=\"text-align: center;\">Contacts and Institutional Alliances<\/h1>\n<p>[\/vc_column_text][vc_column_text]<\/p>\n<h2 style=\"text-align: center;\">This institutional channel is reserved for qualified entities and institutional decision-makers seeking to establish strategic collaborations, submit formal proposals, or communicate directly with Expand Strategy&#8217;s management.<\/h2>\n<p>[\/vc_column_text][vc_row_inner el_class=&#8221;contactos&#8221;][vc_column_inner el_class=&#8221;prop&#8221; width=&#8221;1\/2&#8243;][vc_column_text]<\/p>\n<h3>Institutional Proposals &amp; Strategic Alliances<\/h3>\n<h4>This space is reserved for formal proposals and strategic collaborations, guaranteeing confidentiality and direct institutional processing.<\/h4>\n<p><a href=\"#cont-prop\">Submit Proposal<\/a>[\/vc_column_text][\/vc_column_inner][vc_column_inner el_class=&#8221;cor&#8221; width=&#8221;1\/2&#8243;][vc_column_text]<\/p>\n<h3>Direct Correspondence and Contacts<\/h3>\n<h4>This space is reserved for direct communication with Expand Strategy management, aimed at institutional dialogue, strategic clarifications, or executive coordination.<\/h4>\n<p>[\/vc_column_text][vc_column_text]<a href=\"#cont-cont\">Start contact<\/a>[\/vc_column_text][\/vc_column_inner][\/vc_row_inner][vc_row_inner el_class=&#8221;coisa-ret&#8221;][vc_column_inner][vc_column_text el_class=&#8221;ret&#8221;]<\/p>\n<p style=\"text-align: center;\">All communication with Expand Strategy is treated with confidentiality and high standards, in accordance with applicable legal provisions.<\/p>\n<p>[\/vc_column_text][\/vc_column_inner][\/vc_row_inner][\/vc_column][\/vc_row][vc_row el_id=&#8221;cont-prop&#8221;][vc_column]\n<div class=\"wpcf7 no-js\" id=\"wpcf7-f257-o1\" lang=\"pt-PT\" dir=\"ltr\" data-wpcf7-id=\"257\">\n<div class=\"screen-reader-response\"><p role=\"status\" aria-live=\"polite\" aria-atomic=\"true\"><\/p> <ul><\/ul><\/div>\n<form action=\"\/en\/wp-json\/wp\/v2\/pages\/554#wpcf7-f257-o1\" method=\"post\" class=\"wpcf7-form init\" aria-label=\"Formul\u00e1rio de contacto\" novalidate=\"novalidate\" data-status=\"init\">\n<fieldset class=\"hidden-fields-container\"><input type=\"hidden\" name=\"_wpcf7\" value=\"257\" \/><input type=\"hidden\" name=\"_wpcf7_version\" value=\"6.1.5\" \/><input type=\"hidden\" name=\"_wpcf7_locale\" value=\"pt_PT\" \/><input type=\"hidden\" name=\"_wpcf7_unit_tag\" value=\"wpcf7-f257-o1\" \/><input type=\"hidden\" name=\"_wpcf7_container_post\" value=\"0\" \/><input type=\"hidden\" name=\"_wpcf7_posted_data_hash\" value=\"\" \/>\n<\/fieldset>\n<div class=\"flexi\">\n\t<p><label for=\"nome\">Nome Completo<\/label><span class=\"wpcf7-form-control-wrap\" data-name=\"nome\"><input size=\"40\" maxlength=\"400\" class=\"wpcf7-form-control wpcf7-text wpcf7-validates-as-required nome\" aria-required=\"true\" aria-invalid=\"false\" placeholder=\"Inserir\" value=\"\" type=\"text\" name=\"nome\" \/><\/span>\n\t<\/p>\n\t<p><label for=\"cargo\">Cargo \/ Fun\u00e7\u00e3o<\/label><span class=\"wpcf7-form-control-wrap\" data-name=\"cargo\"><input size=\"40\" maxlength=\"400\" class=\"wpcf7-form-control wpcf7-text wpcf7-validates-as-required cargo\" aria-required=\"true\" aria-invalid=\"false\" placeholder=\"Inserir\" value=\"\" type=\"text\" name=\"cargo\" \/><\/span>\n\t<\/p>\n<\/div>\n<div class=\"flexi2\">\n\t<p><label for\"org\">Organiza\u00e7\u00e3o \/ Entidade<\/label><span class=\"wpcf7-form-control-wrap\" data-name=\"organizacao\"><input size=\"40\" maxlength=\"400\" class=\"wpcf7-form-control wpcf7-text wpcf7-validates-as-required org\" aria-required=\"true\" aria-invalid=\"false\" placeholder=\"Inserir\" value=\"\" type=\"text\" name=\"organizacao\" \/><\/span>\n\t<\/p>\n\t<p><label for=\"email\">Email Institucional<\/label><span class=\"wpcf7-form-control-wrap\" data-name=\"email\"><input size=\"40\" maxlength=\"400\" class=\"wpcf7-form-control wpcf7-email wpcf7-validates-as-required wpcf7-text wpcf7-validates-as-email email\" aria-required=\"true\" aria-invalid=\"false\" placeholder=\"Inserir\" value=\"\" type=\"email\" name=\"email\" \/><\/span>\n\t<\/p>\n<\/div>\n<p><label>Tipo de proposta<\/label><span class=\"wpcf7-form-control-wrap\" data-name=\"tipo-proposta\"><select class=\"wpcf7-form-control wpcf7-select wpcf7-validates-as-required propos\" aria-required=\"true\" aria-invalid=\"false\" name=\"tipo-proposta\"><option value=\"\">Selecionar uma op\u00e7\u00e3o<\/option><option value=\"Proposta institucional\">Proposta institucional<\/option><option value=\"Alian\u00e7a estrat\u00e9gica\">Alian\u00e7a estrat\u00e9gica<\/option><option value=\"Coopera\u00e7\u00e3o acad\u00e9mica\">Coopera\u00e7\u00e3o acad\u00e9mica<\/option><option value=\"Parceria internacional\">Parceria internacional<\/option><option value=\"Colabora\u00e7\u00e3o editorial ou cient\u00edfica\">Colabora\u00e7\u00e3o editorial ou cient\u00edfica<\/option><option value=\"Outro \u00e2mbito institucional\">Outro \u00e2mbito institucional<\/option><\/select><\/span>\n<\/p>\n<p><label for\"mens\">Mensagem<\/label><span class=\"wpcf7-form-control-wrap\" data-name=\"mensagem\"><textarea cols=\"40\" rows=\"10\" maxlength=\"2000\" class=\"wpcf7-form-control wpcf7-textarea wpcf7-validates-as-required mensagem\" aria-required=\"true\" aria-invalid=\"false\" placeholder=\"Descreva brevemente o \u00e2mbito da sua proposta\" name=\"mensagem\"><\/textarea><\/span>\n<\/p>\n<div class=\"caixa-mail\">\n\t<p><a href=\"mailto:partnerships@expand-strategy.com\">partnerships@expand-strategy.com<\/a>\n\t<\/p>\n<\/div>\n<div class=\"aceit1\">\n\t<p><input type=\"checkbox\" name=\"check\" class=\"check\" \/><br \/>\n<span>Ao submeter este formul\u00e1rio, consente o tratamento dos dados acima indicados, exclusivamente para fins internos da Expand Strategy, nos termos do Regulamento Geral sobre a Prote\u00e7\u00e3o de Dados (UE 2016\/679). Atualiza\u00e7\u00e3o: 06\/2025 <\/span>\n\t<\/p>\n<\/div>\n<p><input class=\"wpcf7-form-control wpcf7-submit has-spinner subm\" type=\"submit\" value=\"Iniciar di\u00e1logo estrat\u00e9gico\" \/>\n<\/p><div class=\"wpcf7-response-output\" aria-hidden=\"true\"><\/div>\n<\/form>\n<\/div>\n[\/vc_column][\/vc_row][vc_row el_id=&#8221;cont-cont&#8221;][vc_column]\n<div class=\"wpcf7 no-js\" id=\"wpcf7-f263-o2\" lang=\"pt-PT\" dir=\"ltr\" data-wpcf7-id=\"263\">\n<div class=\"screen-reader-response\"><p role=\"status\" aria-live=\"polite\" aria-atomic=\"true\"><\/p> <ul><\/ul><\/div>\n<form action=\"\/en\/wp-json\/wp\/v2\/pages\/554#wpcf7-f263-o2\" method=\"post\" class=\"wpcf7-form init\" aria-label=\"Formul\u00e1rio de contacto\" novalidate=\"novalidate\" data-status=\"init\">\n<fieldset class=\"hidden-fields-container\"><input type=\"hidden\" name=\"_wpcf7\" value=\"263\" \/><input type=\"hidden\" name=\"_wpcf7_version\" value=\"6.1.5\" \/><input type=\"hidden\" name=\"_wpcf7_locale\" value=\"pt_PT\" \/><input type=\"hidden\" name=\"_wpcf7_unit_tag\" value=\"wpcf7-f263-o2\" \/><input type=\"hidden\" name=\"_wpcf7_container_post\" value=\"0\" \/><input type=\"hidden\" name=\"_wpcf7_posted_data_hash\" value=\"\" \/>\n<\/fieldset>\n<div class=\"flexi\">\n\t<p><label for=\"nome\">Nome Completo<\/label><span class=\"wpcf7-form-control-wrap\" data-name=\"nome\"><input size=\"40\" maxlength=\"400\" class=\"wpcf7-form-control wpcf7-text wpcf7-validates-as-required nome\" aria-required=\"true\" aria-invalid=\"false\" placeholder=\"Inserir\" value=\"\" type=\"text\" name=\"nome\" \/><\/span>\n\t<\/p>\n\t<p><label for=\"cargo\">Cargo \/ Fun\u00e7\u00e3o<\/label><span class=\"wpcf7-form-control-wrap\" data-name=\"cargo\"><input size=\"40\" maxlength=\"400\" class=\"wpcf7-form-control wpcf7-text wpcf7-validates-as-required cargo\" aria-required=\"true\" aria-invalid=\"false\" placeholder=\"Inserir\" value=\"\" type=\"text\" name=\"cargo\" \/><\/span>\n\t<\/p>\n<\/div>\n<div class=\"flexi2\">\n\t<p><label for\"org\">Organiza\u00e7\u00e3o \/ Entidade<\/label><span class=\"wpcf7-form-control-wrap\" data-name=\"organizacao\"><input size=\"40\" maxlength=\"400\" class=\"wpcf7-form-control wpcf7-text wpcf7-validates-as-required org\" aria-required=\"true\" aria-invalid=\"false\" placeholder=\"Inserir\" value=\"\" type=\"text\" name=\"organizacao\" \/><\/span>\n\t<\/p>\n\t<p><label for=\"email\">Email Institucional<\/label><span class=\"wpcf7-form-control-wrap\" data-name=\"email\"><input size=\"40\" maxlength=\"400\" class=\"wpcf7-form-control wpcf7-email wpcf7-validates-as-required wpcf7-text wpcf7-validates-as-email email\" aria-required=\"true\" aria-invalid=\"false\" placeholder=\"Inserir\" value=\"\" type=\"email\" name=\"email\" \/><\/span>\n\t<\/p>\n<\/div>\n<p><label>Assunto<\/label><span class=\"wpcf7-form-control-wrap\" data-name=\"tipo-proposta\"><select class=\"wpcf7-form-control wpcf7-select wpcf7-validates-as-required propos\" aria-required=\"true\" aria-invalid=\"false\" name=\"tipo-proposta\"><option value=\"\">Selecionar uma op\u00e7\u00e3o<\/option><option value=\"Convite (participa\u00e7\u00e3o, evento, reuni\u00e3o)\">Convite (participa\u00e7\u00e3o, evento, reuni\u00e3o)<\/option><option value=\"Esclarecimento estrat\u00e9gico\">Esclarecimento estrat\u00e9gico<\/option><option value=\"Interesse em eventos ou Decisive Encounters\u2122\">Interesse em eventos ou Decisive Encounters\u2122<\/option><option value=\"Parceria internacional\">Parceria internacional<\/option><option value=\"Contactos de imprensa \/ media\">Contactos de imprensa \/ media<\/option><option value=\"Outro motivo de contacto\">Outro motivo de contacto<\/option><\/select><\/span>\n<\/p>\n<p><label for\"mens\">Mensagem<\/label><span class=\"wpcf7-form-control-wrap\" data-name=\"mensagem\"><textarea cols=\"40\" rows=\"10\" maxlength=\"2000\" class=\"wpcf7-form-control wpcf7-textarea wpcf7-validates-as-required mensagem\" aria-required=\"true\" aria-invalid=\"false\" placeholder=\"Descreva brevemente o \u00e2mbito da sua proposta\" name=\"mensagem\"><\/textarea><\/span>\n<\/p>\n<div class=\"caixa-mail v2\">\n\t<p><a href=\"mailto:contact@expand-strategy.com\">contact@expand-strategy.com<\/a><span> | <\/span><a href=\"callto:+351914539585\">+351 914 539 585<\/a>\n\t<\/p>\n<\/div>\n<div class=\"aceit1\">\n\t<p><input type=\"checkbox\" name=\"check\" class=\"check\" \/><br \/>\n<span>Ao submeter este formul\u00e1rio, consente o tratamento dos dados acima indicados, exclusivamente para fins internos da Expand Strategy, nos termos do Regulamento Geral sobre a Prote\u00e7\u00e3o de Dados (UE 2016\/679). Atualiza\u00e7\u00e3o: 06\/2025 <\/span>\n\t<\/p>\n<\/div>\n<p><input class=\"wpcf7-form-control wpcf7-submit has-spinner subm\" type=\"submit\" value=\"Iniciar di\u00e1logo estrat\u00e9gico\" \/>\n<\/p><div class=\"wpcf7-response-output\" aria-hidden=\"true\"><\/div>\n<\/form>\n<\/div>\n[\/vc_column][\/vc_row]<\/p>\n<\/div>","protected":false},"excerpt":{"rendered":"<p>[vc_row full_width=&#8221;stretch_row_content_no_spaces&#8221; el_class=&#8221;back13&#8243; css=&#8221;.vc_custom_1768845391177{background-color: #0a2240 !important;}&#8221;][vc_column][vc_column_text] Contacts and Institutional Alliances [\/vc_column_text][vc_column_text] This institutional channel is reserved for qualified entities and institutional decision-makers seeking to establish strategic collaborations, submit formal proposals, or communicate directly with Expand Strategy&#8217;s management. [\/vc_column_text][vc_row_inner el_class=&#8221;contactos&#8221;][vc_column_inner el_class=&#8221;prop&#8221; width=&#8221;1\/2&#8243;][vc_column_text] Institutional Proposals &amp; Strategic Alliances This space is reserved for formal proposals and strategic [&hellip;]<\/p>\n","protected":false},"author":1,"featured_media":0,"parent":0,"menu_order":0,"comment_status":"closed","ping_status":"closed","template":"","meta":{"footnotes":""},"class_list":["post-554","page","type-page","status-publish","hentry"],"_links":{"self":[{"href":"https:\/\/expand.wevolved.pt\/en\/wp-json\/wp\/v2\/pages\/554","targetHints":{"allow":["GET"]}}],"collection":[{"href":"https:\/\/expand.wevolved.pt\/en\/wp-json\/wp\/v2\/pages"}],"about":[{"href":"https:\/\/expand.wevolved.pt\/en\/wp-json\/wp\/v2\/types\/page"}],"author":[{"embeddable":true,"href":"https:\/\/expand.wevolved.pt\/en\/wp-json\/wp\/v2\/users\/1"}],"replies":[{"embeddable":true,"href":"https:\/\/expand.wevolved.pt\/en\/wp-json\/wp\/v2\/comments?post=554"}],"version-history":[{"count":3,"href":"https:\/\/expand.wevolved.pt\/en\/wp-json\/wp\/v2\/pages\/554\/revisions"}],"predecessor-version":[{"id":691,"href":"https:\/\/expand.wevolved.pt\/en\/wp-json\/wp\/v2\/pages\/554\/revisions\/691"}],"wp:attachment":[{"href":"https:\/\/expand.wevolved.pt\/en\/wp-json\/wp\/v2\/media?parent=554"}],"curies":[{"name":"wp","href":"https:\/\/api.w.org\/{rel}","templated":true}]}}