{"id":558,"date":"2026-01-14T16:40:42","date_gmt":"2026-01-14T16:40:42","guid":{"rendered":"https:\/\/expand.wevolved.pt\/editorial-vault\/"},"modified":"2026-02-10T09:02:58","modified_gmt":"2026-02-10T09:02:58","slug":"editorial-vault","status":"publish","type":"page","link":"https:\/\/expand.wevolved.pt\/en\/editorial-vault\/","title":{"rendered":"Editorial Vault"},"content":{"rendered":"<div class=\"wpb-content-wrapper\"><p>[vc_row full_width=&#8221;stretch_row_content_no_spaces&#8221; css=&#8221;.vc_custom_1768931540239{background-image: url(https:\/\/expand.wevolved.pt\/wp-content\/uploads\/2026\/01\/editorial-vault_banner-scaled.png?id=271) !important;background-position: center !important;background-repeat: no-repeat !important;background-size: cover !important;}&#8221; el_class=&#8221;back14&#8243;][vc_column][vc_column_text el_class=&#8221;tit-ed&#8221;]<\/p>\n<h1 style=\"text-align: center;\">Editorial Vault<\/h1>\n<h2 style=\"text-align: center;\">Expand Strategy&#8217;s editorial space<\/h2>\n<h5 style=\"text-align: center;\">Strategic Notes and Critical Fragments that expose invisible mechanisms of governance and invite an applied, critical, and transformative reading.<\/h5>\n<p>[\/vc_column_text][vc_column_text el_class=&#8221;mover2&#8243; el_id=&#8221;back15&#8243;]<a href=\"#back15\">View all strategic notes<\/a>[\/vc_column_text][vc_column_text]<div class=\"ultimos-posts-pods\"><div class=\"post-item\"><p class=\"categoria\">Omissive Architecture<\/p><h4 class=\"titulo\">Fragmento 4\u2028<\/h4><h6 class=\"titulo-ass\">O arquivo como escudo<\/h6><p class=\"data\">January 2026<\/p><p class=\"excerto\">\u201cO arquivo deveria ser a mem\u00f3ria viva das institui\u00e7\u00f5es. Contudo, demasiadas vezes converte-se em escudo contra a mudan\u00e7a. Relat\u00f3rios, atas e pareceres s\u00e3o invocados n\u00e3o para orientar a a\u00e7\u00e3o, mas para encerrar discuss\u00f5es, transformando o papel em substituto\r\nda decis\u00e3o.\u201d<\/p><div class=\"botas\"><a class=\"btn-leia-mais\" href=\"https:\/\/expand.wevolved.pt\/en\/2026\/01\/15\/fragmento-4-o-arquivo-como-escudo\/\">Leia a nota completa<\/a><\/div><\/div><div class=\"post-item\"><p class=\"categoria\">On the margins of health<\/p><h4 class=\"titulo\">NOTA ESTRAT\u00c9GICA N\u00ba2<\/h4><h6 class=\"titulo-ass\">O Paradoxo da Autonomia Cl\u00ednica<\/h6><p class=\"data\">January 2026<\/p><p class=\"excerto\">Sem governa\u00e7\u00e3o, a autonomia degenera em fragmento - e o fragmento jamais produz clareza.<\/p><div class=\"botas\"><a class=\"btn-leia-mais\" href=\"https:\/\/expand.wevolved.pt\/en\/2026\/01\/23\/nota-estrategica-no2\/\">Leia a nota completa<\/a><\/div><\/div><\/div>[\/vc_column_text][\/vc_column][\/vc_row][vc_row full_width=&#8221;stretch_row_content_no_spaces&#8221; el_class=&#8221;back15&#8243; css=&#8221;.vc_custom_1770649761514{background-color: #0a2240 !important;}&#8221; el_id=&#8221;back15&#8243;][vc_column][vc_column_text]    <ul class=\"categorias-artigos\">\n        <li>\n            <a href=\"#\" class=\"categoria-ajax ativo\" data-cat=\"all\">Todas as publica\u00e7\u00f5es<\/a>\n        <\/li>\n\n                                    <li>\n                    <a href=\"#\"\n                       class=\"categoria-ajax\"\n                       data-cat=\"31\">\n                        Omissive Architecture                    <\/a>\n                <\/li>\n                            <li>\n                    <a href=\"#\"\n                       class=\"categoria-ajax\"\n                       data-cat=\"30\">\n                        On the margins of health                    <\/a>\n                <\/li>\n                        <\/ul>\n\n<div id=\"resultado-artigos\" data-ajaxurl=\"https:\/\/expand.wevolved.pt\/wp-admin\/admin-ajax.php\">\n  <div class=\"artigos-loading\"><\/div>\n<\/div>\n\n\n    [\/vc_column_text][\/vc_column][\/vc_row]<\/p>\n<\/div>","protected":false},"excerpt":{"rendered":"<p>[vc_row full_width=&#8221;stretch_row_content_no_spaces&#8221; css=&#8221;.vc_custom_1768931540239{background-image: url(https:\/\/expand.wevolved.pt\/wp-content\/uploads\/2026\/01\/editorial-vault_banner-scaled.png?id=271) !important;background-position: center !important;background-repeat: no-repeat !important;background-size: cover !important;}&#8221; el_class=&#8221;back14&#8243;][vc_column][vc_column_text el_class=&#8221;tit-ed&#8221;] Editorial Vault Expand Strategy&#8217;s editorial space Strategic Notes and Critical Fragments that expose invisible mechanisms of governance and invite an applied, critical, and transformative reading. [\/vc_column_text][vc_column_text el_class=&#8221;mover2&#8243; el_id=&#8221;back15&#8243;]View all strategic notes[\/vc_column_text][vc_column_text][\/vc_column_text][\/vc_column][\/vc_row][vc_row full_width=&#8221;stretch_row_content_no_spaces&#8221; el_class=&#8221;back15&#8243; css=&#8221;.vc_custom_1770649761514{background-color: #0a2240 !important;}&#8221; el_id=&#8221;back15&#8243;][vc_column][vc_column_text][\/vc_column_text][\/vc_column][\/vc_row]<\/p>\n","protected":false},"author":1,"featured_media":0,"parent":0,"menu_order":0,"comment_status":"closed","ping_status":"closed","template":"","meta":{"footnotes":""},"class_list":["post-558","page","type-page","status-publish","hentry"],"_links":{"self":[{"href":"https:\/\/expand.wevolved.pt\/en\/wp-json\/wp\/v2\/pages\/558","targetHints":{"allow":["GET"]}}],"collection":[{"href":"https:\/\/expand.wevolved.pt\/en\/wp-json\/wp\/v2\/pages"}],"about":[{"href":"https:\/\/expand.wevolved.pt\/en\/wp-json\/wp\/v2\/types\/page"}],"author":[{"embeddable":true,"href":"https:\/\/expand.wevolved.pt\/en\/wp-json\/wp\/v2\/users\/1"}],"replies":[{"embeddable":true,"href":"https:\/\/expand.wevolved.pt\/en\/wp-json\/wp\/v2\/comments?post=558"}],"version-history":[{"count":4,"href":"https:\/\/expand.wevolved.pt\/en\/wp-json\/wp\/v2\/pages\/558\/revisions"}],"predecessor-version":[{"id":696,"href":"https:\/\/expand.wevolved.pt\/en\/wp-json\/wp\/v2\/pages\/558\/revisions\/696"}],"wp:attachment":[{"href":"https:\/\/expand.wevolved.pt\/en\/wp-json\/wp\/v2\/media?parent=558"}],"curies":[{"name":"wp","href":"https:\/\/api.w.org\/{rel}","templated":true}]}}