{"id":567,"date":"2026-01-14T16:39:47","date_gmt":"2026-01-14T16:39:47","guid":{"rendered":"https:\/\/expand.wevolved.pt\/ambitos-estrategicos\/"},"modified":"2026-02-09T11:46:25","modified_gmt":"2026-02-09T11:46:25","slug":"ambitos-estrategicos","status":"publish","type":"page","link":"https:\/\/expand.wevolved.pt\/en\/ambitos-estrategicos\/","title":{"rendered":"\u00c2mbitos Estrat\u00e9gicos"},"content":{"rendered":"<div class=\"wpb-content-wrapper\"><p>[vc_row full_width=&#8221;stretch_row_content_no_spaces&#8221; css=&#8221;.vc_custom_1768820476556{background-image: url(https:\/\/expand.wevolved.pt\/wp-content\/uploads\/2026\/01\/ambitos-estrategicos_banner-scaled.png?id=159) !important;background-position: center !important;background-repeat: no-repeat !important;background-size: cover !important;}&#8221; el_class=&#8221;back7&#8243;][vc_column el_class=&#8221;mover&#8221;][vc_row_inner el_class=&#8221;mover23&#8243;][vc_column_inner][vc_column_text]<\/p>\n<h1 style=\"text-align: center;\">\u00c2mbitos Estrat\u00e9gicos<\/h1>\n<p>[\/vc_column_text][vc_column_text]<\/p>\n<h2 style=\"text-align: center;\">Onde a intelig\u00eancia institucional molda sistemas e decis\u00f5es<\/h2>\n<p>[\/vc_column_text][\/vc_column_inner][\/vc_row_inner][vc_single_image image=&#8221;72&#8243; img_size=&#8221;full&#8221; el_class=&#8221;seta&#8221;][\/vc_column][\/vc_row][vc_row full_width=&#8221;stretch_row_content_no_spaces&#8221; css=&#8221;.vc_custom_1768931055809{background-color: #0a2240 !important;}&#8221; el_class=&#8221;back8&#8243; el_id=&#8221;back8&#8243;][vc_column][vc_column_text]<\/p>\n<h2 style=\"text-align: center;\">Arquiteturas Institucionais que redefinem Estruturas, Fluxos e Governa\u00e7\u00e3o Estrat\u00e9gica.<\/h2>\n<p>[\/vc_column_text][vc_column_text]<\/p>\n<h3 style=\"text-align: center;\">Os \u00c2mbitos Estrat\u00e9gicos representam as principais \u00e1reas onde a Expand Strategy aplica intelig\u00eancia institucional e arquitetura estrat\u00e9gica para desenhar, realinhar e fortalecer sistemas complexos. Cada \u00e2mbito reflete uma dimens\u00e3o distinta da governa\u00e7\u00e3o, da influ\u00eancia e do desempenho institucional, desde a arquitetura da decis\u00e3o aos desafios pol\u00edticos e sist\u00e9micos que moldam o futuro.<\/h3>\n<p>[\/vc_column_text][vc_row_inner el_class=&#8221;box&#8221;][vc_column_inner el_class=&#8221;dim&#8221; width=&#8221;4\/12&#8243;][vc_column_text el_class=&#8221;frase1&#8243; el_id=&#8221;frase1&#8243;]Institutional Reframe[\/vc_column_text][vc_column_text el_class=&#8221;frase2&#8243; el_id=&#8221;frase2&#8243;]Expand Diagnostic[\/vc_column_text][vc_column_text el_class=&#8221;frase3&#8243; el_id=&#8221;frase3&#8243;]Governance Intelligence[\/vc_column_text][vc_column_text el_class=&#8221;frase4&#8243; el_id=&#8221;frase4&#8243;]Global Insight[\/vc_column_text][vc_column_text el_class=&#8221;frase5&#8243; el_id=&#8221;frase5&#8243;]The Clarity Protocol[\/vc_column_text][\/vc_column_inner][vc_column_inner width=&#8221;8\/12&#8243;][vc_column_text el_class=&#8221;card1&#8243;]<\/p>\n<h2>Reposicionar estruturas, restituir fluidez e redesenhar sistemas institucionais.<\/h2>\n<h4>Interven\u00e7\u00f5es estrat\u00e9gicas em contextos de elevada complexidade, concebidas para restaurar coer\u00eancia estrutural, clareza organizacional e desempenho sustent\u00e1vel.<\/h4>\n<h6><strong>Diagn\u00f3stico institucional e leitura sist\u00e9mica de bloqueios.<\/strong><\/h6>\n<h6><strong>Redesenho de fluxos cr\u00edticos e alinhamento operacional.<\/strong><\/h6>\n<h6><strong>Modelos de expans\u00e3o e integra\u00e7\u00e3o institucional.<\/strong><\/h6>\n<h6><strong>Integra\u00e7\u00e3o de solu\u00e7\u00f5es tecnol\u00f3gicas em parceria estrat\u00e9gica.<\/strong><\/h6>\n<p><a href=\"https:\/\/expand.wevolved.pt\/en\/contactos-e-aliancas-institucionais\/\">Iniciar proposta institucional<\/a><\/p>\n<p>Mais informa\u00e7\u00e3o sobre a estrutura do modelo dispon\u00edvel mediante proposta institucional ou aplica\u00e7\u00e3o concreta. Expand Diagnostic\u2122 \u00e9 propriedade intelectual exclusiva da Expand Strategy.[\/vc_column_text][vc_column_text el_class=&#8221;card2&#8243;]<\/p>\n<h2>Um olhar cir\u00fargico sobre os limites que a sua institui\u00e7\u00e3o j\u00e1 n\u00e3o pode ignorar.<\/h2>\n<h4>Pode ser solicitado como diagn\u00f3stico aut\u00f3nomo ou como fase inicial de uma colabora\u00e7\u00e3o institucional com a Expand Strategy.\u2028Desenvolvido com base na Reveal Matrix\u2122 &#8211; estrutura propriet\u00e1ria da Expand Strategy para leitura estrutural e estrat\u00e9gica de sistemas complexos.<\/h4>\n<h6><strong>Leitura Institucional<\/strong> &#8211; compreens\u00e3o da arquitetura e coer\u00eancia interna.<\/h6>\n<h6><strong>Mapeamento Operacional<\/strong> &#8211; an\u00e1lise de fluxos e tens\u00f5es estruturais.<\/h6>\n<h6><strong>S\u00edntese Estrat\u00e9gica<\/strong> &#8211; tradu\u00e7\u00e3o dos achados em orienta\u00e7\u00f5es de governa\u00e7\u00e3o.<\/h6>\n<p><a href=\"https:\/\/expand.wevolved.pt\/en\/contactos-e-aliancas-institucionais\/\">Solicitar diagn\u00f3stico institucional<\/a><\/p>\n<p>Mais informa\u00e7\u00e3o sobre a estrutura do modelo dispon\u00edvel mediante proposta institucional ou aplica\u00e7\u00e3o concreta.[\/vc_column_text][vc_column_text el_class=&#8221;card3&#8243;]<\/p>\n<h2>Framework estruturante que sustenta decis\u00f5es de alto impacto.<\/h2>\n<h4>Modelo propriet\u00e1rio concebido com base em cinco pilares de governa\u00e7\u00e3o estrat\u00e9gica, replic\u00e1vel em sistemas e institui\u00e7\u00f5es de elevada complexidade. Mais do que uma metodologia, o Governance Intelligence\u2122 \u00e9 um instrumento de clarifica\u00e7\u00e3o institucional &#8211; aplic\u00e1vel a estruturas executivas, pol\u00edticas e organizacionais que procuram decis\u00f5es consistentes e mensur\u00e1veis.<\/h4>\n<h6><strong>Aplica\u00e7\u00e3o institucional e executiva.<\/strong><\/h6>\n<h6><strong>Diagn\u00f3stico e estrutura\u00e7\u00e3o com base nos cinco pilares.<\/strong><\/h6>\n<h6><strong>Whitepaper institucional e recomenda\u00e7\u00f5es de governa\u00e7\u00e3o.<\/strong><\/h6>\n<p><a href=\"https:\/\/expand.wevolved.pt\/en\/contactos-e-aliancas-institucionais\/\">Solicitar integra\u00e7\u00e3o institucional<\/a><\/p>\n<p>Mais informa\u00e7\u00e3o sobre a estrutura do modelo dispon\u00edvel mediante proposta institucional ou aplica\u00e7\u00e3o concreta.<br \/>\nExpand Diagnostic\u2122 \u00e9 propriedade intelectual exclusiva da Expand Strategy.[\/vc_column_text][vc_column_text el_class=&#8221;card4&#8243;]<\/p>\n<h2>Refer\u00eancias internacionais como refor\u00e7o comparado.<\/h2>\n<h4>Benchmarking estrat\u00e9gico com leitura integrada de sistemas exigentes &#8211; revelando onde a institui\u00e7\u00e3o se posiciona face \u00e0s melhores pr\u00e1ticas internacionais e \u00e0s m\u00e9tricas globais de governa\u00e7\u00e3o.<\/h4>\n<h6><strong>Briefings comparativos.\u2028<\/strong><\/h6>\n<h6><strong>An\u00e1lises sist\u00e9micas internacionais.\u2028<\/strong><\/h6>\n<h6><strong>Mapas estrat\u00e9gicos para decisores.<\/strong><\/h6>\n<p><a href=\"https:\/\/expand.wevolved.pt\/en\/contactos-e-aliancas-institucionais\/\">Articular interesse institucional<\/a><\/p>\n<p>Mais informa\u00e7\u00e3o sobre a estrutura do modelo dispon\u00edvel mediante proposta institucional ou aplica\u00e7\u00e3o concreta.<br \/>\nExpand Diagnostic\u2122 \u00e9 propriedade intelectual exclusiva da Expand Strategy.[\/vc_column_text][vc_column_text el_class=&#8221;card5&#8243;]<\/p>\n<h2>M\u00e9todo propriet\u00e1rio da Expand Strategy concebido para clarificar decis\u00f5es cr\u00edticas e restaurar coer\u00eancia em contextos institucionais complexos.<\/h2>\n<h4>Estrutura aplicada que revela desalinhamentos estrat\u00e9gicos, riscos ocultos e tens\u00f5es de governa\u00e7\u00e3o que comprometem a integridade das decis\u00f5es e o desempenho organizacional.<\/h4>\n<h6><strong>Diagn\u00f3stico de coer\u00eancia e integridade decis\u00f3ria.<\/strong><\/h6>\n<h6><strong>Sess\u00f5es estrat\u00e9gicas aplicadas &#8211; Strategic Clarity Sessions\u2122.\u2028<\/strong><\/h6>\n<h6><strong>Reestrutura\u00e7\u00e3o de par\u00e2metros de governa\u00e7\u00e3o e influ\u00eancia.<\/strong><\/h6>\n<h6><strong>Aplica\u00e7\u00e3o integrada via Governance Intelligence\u2122 Framework.<\/strong><\/h6>\n<p><a href=\"mailto:contact@expand-strategy.com\">Contactar Dire\u00e7\u00e3o Expand<\/a><\/p>\n<p>Mais informa\u00e7\u00e3o sobre a estrutura do modelo dispon\u00edvel mediante proposta institucional ou aplica\u00e7\u00e3o concreta.<br \/>\nExpand Diagnostic\u2122 \u00e9 propriedade intelectual exclusiva da Expand Strategy.[\/vc_column_text][\/vc_column_inner][\/vc_row_inner][\/vc_column][\/vc_row]<\/p>\n<\/div>","protected":false},"excerpt":{"rendered":"<p>[vc_row full_width=&#8221;stretch_row_content_no_spaces&#8221; css=&#8221;.vc_custom_1768820476556{background-image: url(https:\/\/expand.wevolved.pt\/wp-content\/uploads\/2026\/01\/ambitos-estrategicos_banner-scaled.png?id=159) !important;background-position: center !important;background-repeat: no-repeat !important;background-size: cover !important;}&#8221; el_class=&#8221;back7&#8243;][vc_column el_class=&#8221;mover&#8221;][vc_row_inner el_class=&#8221;mover23&#8243;][vc_column_inner][vc_column_text] \u00c2mbitos Estrat\u00e9gicos [\/vc_column_text][vc_column_text] Onde a intelig\u00eancia institucional molda sistemas e decis\u00f5es [\/vc_column_text][\/vc_column_inner][\/vc_row_inner][vc_single_image image=&#8221;72&#8243; img_size=&#8221;full&#8221; el_class=&#8221;seta&#8221;][\/vc_column][\/vc_row][vc_row full_width=&#8221;stretch_row_content_no_spaces&#8221; css=&#8221;.vc_custom_1768931055809{background-color: #0a2240 !important;}&#8221; el_class=&#8221;back8&#8243; el_id=&#8221;back8&#8243;][vc_column][vc_column_text] Arquiteturas Institucionais que redefinem Estruturas, Fluxos e Governa\u00e7\u00e3o Estrat\u00e9gica. [\/vc_column_text][vc_column_text] Os \u00c2mbitos Estrat\u00e9gicos representam as principais \u00e1reas onde a Expand [&hellip;]<\/p>\n","protected":false},"author":1,"featured_media":0,"parent":0,"menu_order":0,"comment_status":"closed","ping_status":"closed","template":"","meta":{"footnotes":""},"class_list":["post-567","page","type-page","status-publish","hentry"],"_links":{"self":[{"href":"https:\/\/expand.wevolved.pt\/en\/wp-json\/wp\/v2\/pages\/567","targetHints":{"allow":["GET"]}}],"collection":[{"href":"https:\/\/expand.wevolved.pt\/en\/wp-json\/wp\/v2\/pages"}],"about":[{"href":"https:\/\/expand.wevolved.pt\/en\/wp-json\/wp\/v2\/types\/page"}],"author":[{"embeddable":true,"href":"https:\/\/expand.wevolved.pt\/en\/wp-json\/wp\/v2\/users\/1"}],"replies":[{"embeddable":true,"href":"https:\/\/expand.wevolved.pt\/en\/wp-json\/wp\/v2\/comments?post=567"}],"version-history":[{"count":2,"href":"https:\/\/expand.wevolved.pt\/en\/wp-json\/wp\/v2\/pages\/567\/revisions"}],"predecessor-version":[{"id":704,"href":"https:\/\/expand.wevolved.pt\/en\/wp-json\/wp\/v2\/pages\/567\/revisions\/704"}],"wp:attachment":[{"href":"https:\/\/expand.wevolved.pt\/en\/wp-json\/wp\/v2\/media?parent=567"}],"curies":[{"name":"wp","href":"https:\/\/api.w.org\/{rel}","templated":true}]}}